{"id":138,"date":"2015-10-22T15:31:54","date_gmt":"2015-10-22T15:31:54","guid":{"rendered":"http:\/\/test.kriesi.at\/construction\/?page_id=138"},"modified":"2019-05-07T19:01:55","modified_gmt":"2019-05-07T19:01:55","slug":"house-renovation","status":"publish","type":"page","link":"https:\/\/www.mmi-tools.com\/index.php\/service\/house-renovation\/","title":{"rendered":"5. Mess- und Pr\u00fcfmittel"},"content":{"rendered":"<div  class='avia-slideshow av-433rhe-fed9c0ac78fd96021adef62d408f1ae0 avia-slideshow-entry_with_sidebar av_slideshow avia-fade-slider  avia-builder-el-0  el_before_av_one_full  avia-builder-el-first  av-slideshow-ui av-control-hidden av-no-slider-navigation av-hide-nav-arrows av-slideshow-autoplay av-loop-endless av-loop-manual-endless av-default-height-applied avia-slideshow-1' data-slideshow-options=\"{&quot;animation&quot;:&quot;fade&quot;,&quot;autoplay&quot;:true,&quot;loop_autoplay&quot;:&quot;endless&quot;,&quot;interval&quot;:5,&quot;loop_manual&quot;:&quot;manual-endless&quot;,&quot;autoplay_stopper&quot;:false,&quot;noNavigation&quot;:true,&quot;bg_slider&quot;:false,&quot;keep_padding&quot;:false,&quot;hoverpause&quot;:false,&quot;show_slide_delay&quot;:0}\"  itemprop=\"image\" itemscope=\"itemscope\" itemtype=\"https:\/\/schema.org\/ImageObject\" ><ul class='avia-slideshow-inner ' style='padding-bottom: 37.988165680473%;'><li  class='avia-slideshow-slide av-433rhe-fed9c0ac78fd96021adef62d408f1ae0__0  av-single-slide slide-1 slide-odd'><div data-rel='slideshow-1' class='avia-slide-wrap '   ><img decoding=\"async\" class=\"wp-image-655 avia-img-lazy-loading-not-655\"  src=\"https:\/\/www.mmi-tools.com\/wp-content\/uploads\/2018\/07\/Tschorn_01-845x321.png\" width=\"845\" height=\"321\" title='Tschorn_01' alt=''  itemprop=\"thumbnailUrl\"   \/><\/div><\/li><\/ul><\/div>\n\n<style type=\"text\/css\" data-created_by=\"avia_inline_auto\" id=\"style-css-av-3bycr6-8af6045a3246a1c264da623411fb43d8\">\n#top .flex_column.av-3bycr6-8af6045a3246a1c264da623411fb43d8{\nmargin-top:0px;\nmargin-bottom:0px;\n}\n.flex_column.av-3bycr6-8af6045a3246a1c264da623411fb43d8{\n-webkit-border-radius:0px 0px 0px 0px;\n-moz-border-radius:0px 0px 0px 0px;\nborder-radius:0px 0px 0px 0px;\npadding:0px 0px 0px 0px;\n}\n.responsive #top #wrap_all .flex_column.av-3bycr6-8af6045a3246a1c264da623411fb43d8{\nmargin-top:0px;\nmargin-bottom:0px;\n}\n<\/style>\n<div class='flex_column av-3bycr6-8af6045a3246a1c264da623411fb43d8 av_one_full  avia-builder-el-1  el_after_av_slideshow  el_before_av_one_half  first flex_column_div av-animated-generic bottom-to-top av-zero-column-padding '     ><p>\n<style type=\"text\/css\" data-created_by=\"avia_inline_auto\" id=\"style-css-av-ggqua-6e4dedfa3e56e55fdff7f0317a0226a1\">\n#top .av-special-heading.av-ggqua-6e4dedfa3e56e55fdff7f0317a0226a1{\npadding-bottom:0;\n}\nbody .av-special-heading.av-ggqua-6e4dedfa3e56e55fdff7f0317a0226a1 .av-special-heading-tag .heading-char{\nfont-size:25px;\n}\n.av-special-heading.av-ggqua-6e4dedfa3e56e55fdff7f0317a0226a1 .av-subheading{\nfont-size:15px;\n}\n<\/style>\n<div  class='av-special-heading av-ggqua-6e4dedfa3e56e55fdff7f0317a0226a1 av-special-heading-h2 blockquote modern-quote  avia-builder-el-2  el_before_av_hr  avia-builder-el-first '><h2 class='av-special-heading-tag'  itemprop=\"headline\"  >Mess- und Pr\u00fcfmittel<\/h2><div class=\"special-heading-border\"><div class=\"special-heading-inner-border\"><\/div><\/div><\/div><br \/>\n\n<style type=\"text\/css\" data-created_by=\"avia_inline_auto\" id=\"style-css-av-33w582-6627d92b4e7c7db5287df9244dfb2ef3\">\n#top .hr.av-33w582-6627d92b4e7c7db5287df9244dfb2ef3{\nmargin-top:10px;\nmargin-bottom:10px;\n}\n.hr.av-33w582-6627d92b4e7c7db5287df9244dfb2ef3 .hr-inner{\nwidth:50px;\nborder-color:#f20028;\n}\n<\/style>\n<div  class='hr av-33w582-6627d92b4e7c7db5287df9244dfb2ef3 hr-custom  avia-builder-el-3  el_after_av_heading  avia-builder-el-last  hr-left hr-icon-no'><span class='hr-inner inner-border-av-border-fat'><span class=\"hr-inner-style\"><\/span><\/span><\/div><\/p><\/div>\n\n<style type=\"text\/css\" data-created_by=\"avia_inline_auto\" id=\"style-css-av-2vez42-7216cdcf053d64362fe370cd83237b3d\">\n#top .flex_column.av-2vez42-7216cdcf053d64362fe370cd83237b3d{\nmargin-top:0px;\nmargin-bottom:0px;\n}\n.flex_column.av-2vez42-7216cdcf053d64362fe370cd83237b3d{\n-webkit-border-radius:0px 0px 0px 0px;\n-moz-border-radius:0px 0px 0px 0px;\nborder-radius:0px 0px 0px 0px;\npadding:0px 0px 0px 0px;\n}\n.responsive #top #wrap_all .flex_column.av-2vez42-7216cdcf053d64362fe370cd83237b3d{\nmargin-top:0px;\nmargin-bottom:0px;\n}\n<\/style>\n<div class='flex_column av-2vez42-7216cdcf053d64362fe370cd83237b3d av_one_half  avia-builder-el-4  el_after_av_one_full  el_before_av_one_half  first flex_column_div av-animated-generic bottom-to-top av-zero-column-padding column-top-margin'     ><section  class='av_textblock_section av-2put3e-adf1208b5f113f3e94770251f7412e0d'  itemscope=\"itemscope\" itemtype=\"https:\/\/schema.org\/CreativeWork\" ><div class='avia_textblock'  itemprop=\"text\" ><p class=\"bodytext\"><strong>Microtest AG<\/strong> spezialisiert sich seit mehr als 50 Jahren auf die Messung von Innendurchmessern. Durch permanente Optimierung, konstante Weiterentwicklung und Verbesserung haben die Microtest Messinstrumente einen sehr hohen Standard an Pr\u00e4zision, Zuverl\u00e4ssigkeit und Universalit\u00e4t erreicht, um die hohen Anforderungen ihrer Kunden zu erf\u00fcllen.<\/p>\n<p class=\"bodytext\">Die Produkte von Microtest sind weltweit im Einsatz und garantieren h\u00f6chste Pr\u00e4zision \u00fcber eine lange Zeit.<\/p>\n<\/div><\/section><br \/>\n<div  class='avia-button-wrap av-jk8ifkux-9634d5a35988480ae6c0f03bb8d7948a-wrap avia-button-center  avia-builder-el-6  el_after_av_textblock  avia-builder-el-last '><a href='https:\/\/www.microtest.ch\/static' class='avia-button av-jk8ifkux-9634d5a35988480ae6c0f03bb8d7948a avia-icon_select-no avia-size-small avia-position-center avia-color-theme-color' target=\"_blank\" rel=\"noopener noreferrer\"><span class='avia_iconbox_title' >Microtest<\/span><\/a><\/div><\/p><\/div>\n\n<style type=\"text\/css\" data-created_by=\"avia_inline_auto\" id=\"style-css-av-s3t9e-f515ca559098dc0967c0560f9107f77c\">\n#top .flex_column.av-s3t9e-f515ca559098dc0967c0560f9107f77c{\nmargin-top:0px;\nmargin-bottom:0px;\n}\n.flex_column.av-s3t9e-f515ca559098dc0967c0560f9107f77c{\n-webkit-border-radius:0px 0px 0px 0px;\n-moz-border-radius:0px 0px 0px 0px;\nborder-radius:0px 0px 0px 0px;\npadding:0px 0px 0px 0px;\n}\n.responsive #top #wrap_all .flex_column.av-s3t9e-f515ca559098dc0967c0560f9107f77c{\nmargin-top:0px;\nmargin-bottom:0px;\n}\n<\/style>\n<div class='flex_column av-s3t9e-f515ca559098dc0967c0560f9107f77c av_one_half  avia-builder-el-7  el_after_av_one_half  el_before_av_hr  flex_column_div av-animated-generic bottom-to-top av-zero-column-padding column-top-margin'     ><style type=\"text\/css\" data-created_by=\"avia_inline_auto\" id=\"style-css-av-lltne-bdb050a1940a0a1824b6100615fecb1c\">\n.avia-image-container.av-lltne-bdb050a1940a0a1824b6100615fecb1c img.avia_image{\nbox-shadow:none;\n}\n.avia-image-container.av-lltne-bdb050a1940a0a1824b6100615fecb1c .av-image-caption-overlay-center{\ncolor:#ffffff;\n}\n<\/style>\n<div  class='avia-image-container av-lltne-bdb050a1940a0a1824b6100615fecb1c av-styling-no-styling avia-align-center  avia-builder-el-8  avia-builder-el-no-sibling '   itemprop=\"image\" itemscope=\"itemscope\" itemtype=\"https:\/\/schema.org\/ImageObject\" ><div class=\"avia-image-container-inner\"><div class=\"avia-image-overlay-wrap\"><img decoding=\"async\" class='wp-image-998 avia-img-lazy-loading-not-998 avia_image ' src=\"https:\/\/www.mmi-tools.com\/wp-content\/uploads\/2019\/05\/IE5005_4558458c49.jpg\" alt='' title='IE5005_4558458c49'  height=\"161\" width=\"123\"  itemprop=\"thumbnailUrl\"  \/><\/div><\/div><\/div><\/div>\n\n<style type=\"text\/css\" data-created_by=\"avia_inline_auto\" id=\"style-css-av-33w582-6627d92b4e7c7db5287df9244dfb2ef3\">\n#top .hr.av-33w582-6627d92b4e7c7db5287df9244dfb2ef3{\nmargin-top:10px;\nmargin-bottom:10px;\n}\n.hr.av-33w582-6627d92b4e7c7db5287df9244dfb2ef3 .hr-inner{\nwidth:50px;\nborder-color:#f20028;\n}\n<\/style>\n<div  class='hr av-33w582-6627d92b4e7c7db5287df9244dfb2ef3 hr-custom  avia-builder-el-9  el_after_av_one_half  el_before_av_one_half  hr-left hr-icon-no'><span class='hr-inner inner-border-av-border-fat'><span class=\"hr-inner-style\"><\/span><\/span><\/div>\n\n<style type=\"text\/css\" data-created_by=\"avia_inline_auto\" id=\"style-css-av-2vez42-7216cdcf053d64362fe370cd83237b3d\">\n#top .flex_column.av-2vez42-7216cdcf053d64362fe370cd83237b3d{\nmargin-top:0px;\nmargin-bottom:0px;\n}\n.flex_column.av-2vez42-7216cdcf053d64362fe370cd83237b3d{\n-webkit-border-radius:0px 0px 0px 0px;\n-moz-border-radius:0px 0px 0px 0px;\nborder-radius:0px 0px 0px 0px;\npadding:0px 0px 0px 0px;\n}\n.responsive #top #wrap_all .flex_column.av-2vez42-7216cdcf053d64362fe370cd83237b3d{\nmargin-top:0px;\nmargin-bottom:0px;\n}\n<\/style>\n<div class='flex_column av-2vez42-7216cdcf053d64362fe370cd83237b3d av_one_half  avia-builder-el-10  el_after_av_hr  el_before_av_one_half  first flex_column_div av-animated-generic bottom-to-top av-zero-column-padding '     ><section  class='av_textblock_section av-2put3e-adf1208b5f113f3e94770251f7412e0d'  itemscope=\"itemscope\" itemtype=\"https:\/\/schema.org\/CreativeWork\" ><div class='avia_textblock'  itemprop=\"text\" ><p>Seit 1986 ist die <strong>Tschorn GmbH<\/strong> in Urbach auf die Herstellung von hochwertigen Mess- und Spannmitteln f\u00fcr die zerspanende Industrie spezialisiert.<\/p>\n<p>Hergestellt werden Produkte zur Nullpunktermittlung, Werkst\u00fcckspannung, Werkzeugspannung und zur Werkzeugmessung.<\/p>\n<\/div><\/section><\/div>\n\n<style type=\"text\/css\" data-created_by=\"avia_inline_auto\" id=\"style-css-av-s3t9e-f515ca559098dc0967c0560f9107f77c\">\n#top .flex_column.av-s3t9e-f515ca559098dc0967c0560f9107f77c{\nmargin-top:0px;\nmargin-bottom:0px;\n}\n.flex_column.av-s3t9e-f515ca559098dc0967c0560f9107f77c{\n-webkit-border-radius:0px 0px 0px 0px;\n-moz-border-radius:0px 0px 0px 0px;\nborder-radius:0px 0px 0px 0px;\npadding:0px 0px 0px 0px;\n}\n.responsive #top #wrap_all .flex_column.av-s3t9e-f515ca559098dc0967c0560f9107f77c{\nmargin-top:0px;\nmargin-bottom:0px;\n}\n<\/style>\n<div class='flex_column av-s3t9e-f515ca559098dc0967c0560f9107f77c av_one_half  avia-builder-el-12  el_after_av_one_half  el_before_av_one_full  flex_column_div av-animated-generic bottom-to-top av-zero-column-padding '     ><style type=\"text\/css\" data-created_by=\"avia_inline_auto\" id=\"style-css-av-lltne-24c98e46a6816d8b4b7525d4c27036b6\">\n.avia-image-container.av-lltne-24c98e46a6816d8b4b7525d4c27036b6 img.avia_image{\nbox-shadow:none;\n}\n.avia-image-container.av-lltne-24c98e46a6816d8b4b7525d4c27036b6 .av-image-caption-overlay-center{\ncolor:#ffffff;\n}\n<\/style>\n<div  class='avia-image-container av-lltne-24c98e46a6816d8b4b7525d4c27036b6 av-styling-no-styling avia-align-center  avia-builder-el-13  avia-builder-el-no-sibling '   itemprop=\"image\" itemscope=\"itemscope\" itemtype=\"https:\/\/schema.org\/ImageObject\" ><div class=\"avia-image-container-inner\"><div class=\"avia-image-overlay-wrap\"><img decoding=\"async\" class='wp-image-658 avia-img-lazy-loading-not-658 avia_image ' src=\"https:\/\/www.mmi-tools.com\/wp-content\/uploads\/2018\/07\/3d-taster-20slimplus-mit-massband-268x300.png\" alt='' title='3d-taster-20slimplus-mit-massband'  height=\"300\" width=\"268\"  itemprop=\"thumbnailUrl\" srcset=\"https:\/\/www.mmi-tools.com\/wp-content\/uploads\/2018\/07\/3d-taster-20slimplus-mit-massband-268x300.png 268w, https:\/\/www.mmi-tools.com\/wp-content\/uploads\/2018\/07\/3d-taster-20slimplus-mit-massband-768x861.png 768w, https:\/\/www.mmi-tools.com\/wp-content\/uploads\/2018\/07\/3d-taster-20slimplus-mit-massband-919x1030.png 919w, https:\/\/www.mmi-tools.com\/wp-content\/uploads\/2018\/07\/3d-taster-20slimplus-mit-massband-1338x1500.png 1338w, https:\/\/www.mmi-tools.com\/wp-content\/uploads\/2018\/07\/3d-taster-20slimplus-mit-massband-629x705.png 629w, https:\/\/www.mmi-tools.com\/wp-content\/uploads\/2018\/07\/3d-taster-20slimplus-mit-massband-450x505.png 450w, https:\/\/www.mmi-tools.com\/wp-content\/uploads\/2018\/07\/3d-taster-20slimplus-mit-massband.png 1558w\" sizes=\"(max-width: 268px) 100vw, 268px\" \/><\/div><\/div><\/div><\/div>\n\n<style type=\"text\/css\" data-created_by=\"avia_inline_auto\" id=\"style-css-av-fvkhu-526308e6713fd102ff2f6d99fdc5c63d\">\n.flex_column.av-fvkhu-526308e6713fd102ff2f6d99fdc5c63d{\n-webkit-border-radius:0px 0px 0px 0px;\n-moz-border-radius:0px 0px 0px 0px;\nborder-radius:0px 0px 0px 0px;\npadding:20px 20px 20px 20px;\nbackground-color:#fcfcfc;\n}\n<\/style>\n<div class='flex_column av-fvkhu-526308e6713fd102ff2f6d99fdc5c63d av_one_full  avia-builder-el-14  el_after_av_one_half  avia-builder-el-last  first flex_column_div av-animated-generic bottom-to-top column-top-margin'     ><\/div>\n","protected":false},"excerpt":{"rendered":"","protected":false},"author":1,"featured_media":0,"parent":246,"menu_order":0,"comment_status":"closed","ping_status":"closed","template":"","meta":{"footnotes":""},"class_list":["post-138","page","type-page","status-publish","hentry"],"_links":{"self":[{"href":"https:\/\/www.mmi-tools.com\/index.php\/wp-json\/wp\/v2\/pages\/138","targetHints":{"allow":["GET"]}}],"collection":[{"href":"https:\/\/www.mmi-tools.com\/index.php\/wp-json\/wp\/v2\/pages"}],"about":[{"href":"https:\/\/www.mmi-tools.com\/index.php\/wp-json\/wp\/v2\/types\/page"}],"author":[{"embeddable":true,"href":"https:\/\/www.mmi-tools.com\/index.php\/wp-json\/wp\/v2\/users\/1"}],"replies":[{"embeddable":true,"href":"https:\/\/www.mmi-tools.com\/index.php\/wp-json\/wp\/v2\/comments?post=138"}],"version-history":[{"count":20,"href":"https:\/\/www.mmi-tools.com\/index.php\/wp-json\/wp\/v2\/pages\/138\/revisions"}],"predecessor-version":[{"id":1002,"href":"https:\/\/www.mmi-tools.com\/index.php\/wp-json\/wp\/v2\/pages\/138\/revisions\/1002"}],"up":[{"embeddable":true,"href":"https:\/\/www.mmi-tools.com\/index.php\/wp-json\/wp\/v2\/pages\/246"}],"wp:attachment":[{"href":"https:\/\/www.mmi-tools.com\/index.php\/wp-json\/wp\/v2\/media?parent=138"}],"curies":[{"name":"wp","href":"https:\/\/api.w.org\/{rel}","templated":true}]}}