{"id":142,"date":"2015-10-22T15:32:34","date_gmt":"2015-10-22T15:32:34","guid":{"rendered":"http:\/\/test.kriesi.at\/construction\/?page_id=142"},"modified":"2019-05-07T15:57:55","modified_gmt":"2019-05-07T15:57:55","slug":"interior-design","status":"publish","type":"page","link":"https:\/\/www.mmi-tools.com\/index.php\/service\/interior-design\/","title":{"rendered":"2. Werkst\u00fcckspannung"},"content":{"rendered":"<div  class='avia-slideshow av-30uljy-2148b8e052459b8c56fa7aaf5dc03707 avia-slideshow-entry_with_sidebar av_slideshow avia-fade-slider  avia-builder-el-0  el_before_av_one_full  avia-builder-el-first  av-slideshow-ui av-control-hidden av-no-slider-navigation av-hide-nav-arrows av-slideshow-autoplay av-loop-endless av-loop-manual-endless av-default-height-applied avia-slideshow-1' data-slideshow-options=\"{&quot;animation&quot;:&quot;fade&quot;,&quot;autoplay&quot;:true,&quot;loop_autoplay&quot;:&quot;endless&quot;,&quot;interval&quot;:5,&quot;loop_manual&quot;:&quot;manual-endless&quot;,&quot;autoplay_stopper&quot;:false,&quot;noNavigation&quot;:true,&quot;bg_slider&quot;:false,&quot;keep_padding&quot;:false,&quot;hoverpause&quot;:false,&quot;show_slide_delay&quot;:0}\"  itemprop=\"image\" itemscope=\"itemscope\" itemtype=\"https:\/\/schema.org\/ImageObject\" ><ul class='avia-slideshow-inner ' style='padding-bottom: 37.988165680473%;'><li  class='avia-slideshow-slide av-30uljy-2148b8e052459b8c56fa7aaf5dc03707__0  av-single-slide slide-1 slide-odd'><div data-rel='slideshow-1' class='avia-slide-wrap '   ><img decoding=\"async\" class=\"wp-image-477 avia-img-lazy-loading-not-477\"  src=\"https:\/\/www.mmi-tools.com\/wp-content\/uploads\/2018\/07\/Hainbuch01-1500x400-845x321.png\" width=\"845\" height=\"321\" title='Hainbuch01-1500x400' alt=''  itemprop=\"thumbnailUrl\"   \/><\/div><\/li><\/ul><\/div>\n\n<style type=\"text\/css\" data-created_by=\"avia_inline_auto\" id=\"style-css-av-2jp4dy-5bc8ac99109bb0bd196f662710a14cb7\">\n#top .flex_column.av-2jp4dy-5bc8ac99109bb0bd196f662710a14cb7{\nmargin-top:0px;\nmargin-bottom:0px;\n}\n.flex_column.av-2jp4dy-5bc8ac99109bb0bd196f662710a14cb7{\n-webkit-border-radius:0px 0px 0px 0px;\n-moz-border-radius:0px 0px 0px 0px;\nborder-radius:0px 0px 0px 0px;\npadding:0px 0px 0px 0px;\n}\n.responsive #top #wrap_all .flex_column.av-2jp4dy-5bc8ac99109bb0bd196f662710a14cb7{\nmargin-top:0px;\nmargin-bottom:0px;\n}\n<\/style>\n<div class='flex_column av-2jp4dy-5bc8ac99109bb0bd196f662710a14cb7 av_one_full  avia-builder-el-1  el_after_av_slideshow  el_before_av_one_half  first flex_column_div av-animated-generic bottom-to-top av-zero-column-padding '     ><p>\n<style type=\"text\/css\" data-created_by=\"avia_inline_auto\" id=\"style-css-av-eclby-ff6c094f0f2b0195b8ebcf825aa1eb58\">\n#top .av-special-heading.av-eclby-ff6c094f0f2b0195b8ebcf825aa1eb58{\npadding-bottom:0;\n}\nbody .av-special-heading.av-eclby-ff6c094f0f2b0195b8ebcf825aa1eb58 .av-special-heading-tag .heading-char{\nfont-size:25px;\n}\n.av-special-heading.av-eclby-ff6c094f0f2b0195b8ebcf825aa1eb58 .av-subheading{\nfont-size:15px;\n}\n<\/style>\n<div  class='av-special-heading av-eclby-ff6c094f0f2b0195b8ebcf825aa1eb58 av-special-heading-h2 blockquote modern-quote  avia-builder-el-2  el_before_av_hr  avia-builder-el-first '><h2 class='av-special-heading-tag'  itemprop=\"headline\"  >Werkst\u00fcckspannung<\/h2><div class=\"special-heading-border\"><div class=\"special-heading-inner-border\"><\/div><\/div><\/div><br \/>\n\n<style type=\"text\/css\" data-created_by=\"avia_inline_auto\" id=\"style-css-av-2b5hji-6e49f49b65f2e93fde9e8a46ce552dda\">\n#top .hr.av-2b5hji-6e49f49b65f2e93fde9e8a46ce552dda{\nmargin-top:10px;\nmargin-bottom:10px;\n}\n.hr.av-2b5hji-6e49f49b65f2e93fde9e8a46ce552dda .hr-inner{\nwidth:50px;\nborder-color:#f20025;\n}\n<\/style>\n<div  class='hr av-2b5hji-6e49f49b65f2e93fde9e8a46ce552dda hr-custom  avia-builder-el-3  el_after_av_heading  avia-builder-el-last  hr-left hr-icon-no'><span class='hr-inner inner-border-av-border-fat'><span class=\"hr-inner-style\"><\/span><\/span><\/div><\/p><\/div>\n\n<style type=\"text\/css\" data-created_by=\"avia_inline_auto\" id=\"style-css-av-22b11a-f659248d1386822e5ce1046083206ac9\">\n#top .flex_column.av-22b11a-f659248d1386822e5ce1046083206ac9{\nmargin-top:0px;\nmargin-bottom:0px;\n}\n.flex_column.av-22b11a-f659248d1386822e5ce1046083206ac9{\n-webkit-border-radius:0px 0px 0px 0px;\n-moz-border-radius:0px 0px 0px 0px;\nborder-radius:0px 0px 0px 0px;\npadding:0px 0px 0px 0px;\n}\n.responsive #top #wrap_all .flex_column.av-22b11a-f659248d1386822e5ce1046083206ac9{\nmargin-top:0px;\nmargin-bottom:0px;\n}\n<\/style>\n<div class='flex_column av-22b11a-f659248d1386822e5ce1046083206ac9 av_one_half  avia-builder-el-4  el_after_av_one_full  el_before_av_one_half  first flex_column_div av-animated-generic bottom-to-top av-zero-column-padding column-top-margin'     ><section  class='av_textblock_section av-1w3wmm-d0fe279e47736df3158117af255c205e'  itemscope=\"itemscope\" itemtype=\"https:\/\/schema.org\/CreativeWork\" ><div class='avia_textblock'  itemprop=\"text\" ><p>1951 begann die Erfolgsstory des Marbacher Unternehmens <strong>HAINBUCH<\/strong> wie bei so vielen in einer Garage.<\/p>\n<p>Hier startete Firmengr\u00fcnder Wilhelm Hainbuch mit Lohndreharbeiten. Qualit\u00e4t, Pr\u00e4zision und Zuverl\u00e4ssigkeit waren schon damals das Markenzeichen des Unternehmens. Und sie sind es bis heute.<\/p>\n<\/div><\/section><\/div>\n\n<style type=\"text\/css\" data-created_by=\"avia_inline_auto\" id=\"style-css-av-1qds3q-53b9f80fa793acfe0b636fe7f1d9c07b\">\n#top .flex_column.av-1qds3q-53b9f80fa793acfe0b636fe7f1d9c07b{\nmargin-top:0px;\nmargin-bottom:0px;\n}\n.flex_column.av-1qds3q-53b9f80fa793acfe0b636fe7f1d9c07b{\n-webkit-border-radius:0px 0px 0px 0px;\n-moz-border-radius:0px 0px 0px 0px;\nborder-radius:0px 0px 0px 0px;\npadding:0px 0px 0px 0px;\n}\n.responsive #top #wrap_all .flex_column.av-1qds3q-53b9f80fa793acfe0b636fe7f1d9c07b{\nmargin-top:0px;\nmargin-bottom:0px;\n}\n<\/style>\n<div class='flex_column av-1qds3q-53b9f80fa793acfe0b636fe7f1d9c07b av_one_half  avia-builder-el-6  el_after_av_one_half  el_before_av_one_full  flex_column_div av-animated-generic bottom-to-top av-zero-column-padding column-top-margin'     ><section  class='av_textblock_section av-1ifyr2-a41bde526521340afa1a1717dbac1a52'  itemscope=\"itemscope\" itemtype=\"https:\/\/schema.org\/CreativeWork\" ><div class='avia_textblock'  itemprop=\"text\" ><p>Aus dem kleinen Handwerksbetrieb entwickelte sich in sechs Jahrzehnten ein innovatives, weltweit agierendes Unternehmen mit \u00fcber 750 Mitarbeitern, bei dem sich alles um Spannmittel f\u00fcr die Werkst\u00fcckspannung dreht.<\/p>\n<p>Zu den Hauptkunden des in dritter Generation gef\u00fchrten Unternehmens geh\u00f6ren insbesondere die Maschinenhersteller sowie der Automobilbau mit all seinen Zulieferern.<\/p>\n<\/div><\/section><\/div>\n\n<style type=\"text\/css\" data-created_by=\"avia_inline_auto\" id=\"style-css-av-1eink6-c618bde07ffdc2962c28e71346222432\">\n.flex_column.av-1eink6-c618bde07ffdc2962c28e71346222432{\nborder-width:1px;\nborder-color:#e1e1e1;\nborder-style:solid;\n-webkit-border-radius:0px 0px 0px 0px;\n-moz-border-radius:0px 0px 0px 0px;\nborder-radius:0px 0px 0px 0px;\npadding:20px 20px 20px 20px;\nbackground-color:#fcfcfc;\n}\n<\/style>\n<div class='flex_column av-1eink6-c618bde07ffdc2962c28e71346222432 av_one_full  avia-builder-el-8  el_after_av_one_half  el_before_av_one_half  first flex_column_div av-animated-generic bottom-to-top column-top-margin'     ><section  class='av_textblock_section av-16y4lq-f7a322193a52ddce5bd50906d6979ec0'  itemscope=\"itemscope\" itemtype=\"https:\/\/schema.org\/CreativeWork\" ><div class='avia_textblock'  itemprop=\"text\" ><p>Drehen, Fr\u00e4sen, Schleifen, Bohren, Erodieren, Verzahnen, Wuchten, Mehrspindler &#8230; Hainbuch hat f\u00fcr jede Bearbeitung das richtge Spannmittel.<\/p>\n<div  class='avia-button-wrap av-a8sce-311af8d2356186560224966154d41070-wrap avia-button-center  avia-builder-el-10  avia-builder-el-no-sibling '><a href='https:\/\/www.hainbuch.com\/' class='avia-button av-a8sce-311af8d2356186560224966154d41070 avia-icon_select-no avia-size-small avia-position-center avia-color-theme-color' target=\"_blank\" rel=\"noopener noreferrer\"><span class='avia_iconbox_title' >Hainbuch<\/span><\/a><\/div>\n<\/div><\/section><\/div>\n\n<style type=\"text\/css\" data-created_by=\"avia_inline_auto\" id=\"style-css-av-3obzy-19fb34cd0df2fcd906e2ba99cdbcc2cb\">\n.flex_column.av-3obzy-19fb34cd0df2fcd906e2ba99cdbcc2cb{\n-webkit-border-radius:0px 0px 0px 0px;\n-moz-border-radius:0px 0px 0px 0px;\nborder-radius:0px 0px 0px 0px;\npadding:0px 0px 0px 0px;\n}\n<\/style>\n<div class='flex_column av-3obzy-19fb34cd0df2fcd906e2ba99cdbcc2cb av_one_half  avia-builder-el-11  el_after_av_one_full  el_before_av_one_half  first flex_column_div av-animated-generic bottom-to-top av-zero-column-padding column-top-margin'     ><p>\n<style type=\"text\/css\" data-created_by=\"avia_inline_auto\" id=\"style-css-av-jkcvqt09-a19a627927a816b613f680644e3bf48c\">\n#top .av-special-heading.av-jkcvqt09-a19a627927a816b613f680644e3bf48c{\npadding-bottom:0;\n}\nbody .av-special-heading.av-jkcvqt09-a19a627927a816b613f680644e3bf48c .av-special-heading-tag .heading-char{\nfont-size:25px;\n}\n.av-special-heading.av-jkcvqt09-a19a627927a816b613f680644e3bf48c .av-subheading{\nfont-size:15px;\n}\n<\/style>\n<div  class='av-special-heading av-jkcvqt09-a19a627927a816b613f680644e3bf48c av-special-heading-h3 blockquote modern-quote  avia-builder-el-12  el_before_av_hr  avia-builder-el-first '><h3 class='av-special-heading-tag'  itemprop=\"headline\"  >Ihr Vorteil bei mmi<\/h3><div class=\"special-heading-border\"><div class=\"special-heading-inner-border\"><\/div><\/div><\/div><br \/>\n\n<style type=\"text\/css\" data-created_by=\"avia_inline_auto\" id=\"style-css-av-2lo0u-7343c51a4b7007f8253ed1693fc20055\">\n#top .hr.av-2lo0u-7343c51a4b7007f8253ed1693fc20055{\nmargin-top:10px;\nmargin-bottom:10px;\n}\n.hr.av-2lo0u-7343c51a4b7007f8253ed1693fc20055 .hr-inner{\nwidth:50px;\nborder-color:#f20025;\n}\n<\/style>\n<div  class='hr av-2lo0u-7343c51a4b7007f8253ed1693fc20055 hr-custom  avia-builder-el-13  el_after_av_heading  el_before_av_textblock  hr-left hr-icon-no'><span class='hr-inner inner-border-av-border-fat'><span class=\"hr-inner-style\"><\/span><\/span><\/div><br \/>\n<section  class='av_textblock_section av-n6012-9634afd3044f1276b63be5e48b881337'  itemscope=\"itemscope\" itemtype=\"https:\/\/schema.org\/CreativeWork\" ><div class='avia_textblock'  itemprop=\"text\" ><p>Wir projektieren Ihre Werkst\u00fcckspannmittel individuell.<\/p>\n<p>Basierend auf Ihrem Werkst\u00fcck, Ihrer Werkzeugmaschine und Ihren sonstigen Anforderungen stellen wir gemeinsam mit Ihnen die richtigen Spannmittel zusammen. Mithilfe unserer CAD 3D-Darstellung bekommen Sie einen ersten Eindruck Ihrer neuen Spannmittel.<\/p>\n<\/div><\/section><\/p><\/div>\n\n<style type=\"text\/css\" data-created_by=\"avia_inline_auto\" id=\"style-css-av-1lt4m-b81571958bc1fb3c1bead4a999ac88b3\">\n.flex_column.av-1lt4m-b81571958bc1fb3c1bead4a999ac88b3{\n-webkit-border-radius:0px 0px 0px 0px;\n-moz-border-radius:0px 0px 0px 0px;\nborder-radius:0px 0px 0px 0px;\npadding:0px 0px 0px 0px;\n}\n<\/style>\n<div class='flex_column av-1lt4m-b81571958bc1fb3c1bead4a999ac88b3 av_one_half  avia-builder-el-15  el_after_av_one_half  avia-builder-el-last  flex_column_div av-animated-generic bottom-to-top av-zero-column-padding column-top-margin'     ><style type=\"text\/css\" data-created_by=\"avia_inline_auto\" id=\"style-css-av-jke07ddy-5feb4757dece1d3c3a71e587a2899d65\">\n#top .avia-gallery.av-jke07ddy-5feb4757dece1d3c3a71e587a2899d65 .avia-gallery-thumb a{\nwidth:100%;\n}\n<\/style>\n<div  class='avia-gallery av-jke07ddy-5feb4757dece1d3c3a71e587a2899d65 avia_animate_when_visible  avia-builder-el-16  avia-builder-el-no-sibling  avia_lazyload avia-gallery-animate avia-gallery-1'  itemprop=\"image\" itemscope=\"itemscope\" itemtype=\"https:\/\/schema.org\/ImageObject\" ><meta itemprop=\"contentURL\" content=\"https:\/\/www.mmi-tools.com\/index.php\/service\/interior-design\/\"><div class='avia-gallery-thumb'><a href=\"https:\/\/www.mmi-tools.com\/wp-content\/uploads\/2018\/08\/Hainbuch-Zeichnung-1030x728.png\" data-srcset=\"https:\/\/www.mmi-tools.com\/wp-content\/uploads\/2018\/08\/Hainbuch-Zeichnung-1030x728.png 1030w, https:\/\/www.mmi-tools.com\/wp-content\/uploads\/2018\/08\/Hainbuch-Zeichnung-300x212.png 300w, https:\/\/www.mmi-tools.com\/wp-content\/uploads\/2018\/08\/Hainbuch-Zeichnung-768x543.png 768w, https:\/\/www.mmi-tools.com\/wp-content\/uploads\/2018\/08\/Hainbuch-Zeichnung-260x185.png 260w, https:\/\/www.mmi-tools.com\/wp-content\/uploads\/2018\/08\/Hainbuch-Zeichnung-705x498.png 705w, https:\/\/www.mmi-tools.com\/wp-content\/uploads\/2018\/08\/Hainbuch-Zeichnung-450x318.png 450w, https:\/\/www.mmi-tools.com\/wp-content\/uploads\/2018\/08\/Hainbuch-Zeichnung.png 1217w\" data-sizes=\"(max-width: 1030px) 100vw, 1030px\" data-rel='gallery-1' data-prev-img='https:\/\/www.mmi-tools.com\/wp-content\/uploads\/2018\/08\/Hainbuch-Zeichnung-495x400.png' class='first_thumb lightbox ' data-onclick='1' title='Hainbuch Zeichnung'  itemprop=\"thumbnailUrl\"  ><img decoding=\"async\" class=\"wp-image-694 avia-img-lazy-loading-not-694\"   src=\"https:\/\/www.mmi-tools.com\/wp-content\/uploads\/2018\/08\/Hainbuch-Zeichnung-495x400.png\" width=\"495\" height=\"400\"  title='Hainbuch Zeichnung' alt='' srcset=\"https:\/\/www.mmi-tools.com\/wp-content\/uploads\/2018\/08\/Hainbuch-Zeichnung-495x400.png 495w, https:\/\/www.mmi-tools.com\/wp-content\/uploads\/2018\/08\/Hainbuch-Zeichnung-845x684.png 845w\" sizes=\"(max-width: 495px) 100vw, 495px\" \/><div class='big-prev-fake'><img loading=\"lazy\" decoding=\"async\" class=\"wp-image-694 avia-img-lazy-loading-694\"  width=\"495\" height=\"400\" src=\"https:\/\/www.mmi-tools.com\/wp-content\/uploads\/2018\/08\/Hainbuch-Zeichnung-495x400.png\" title='Hainbuch Zeichnung' alt='' srcset=\"https:\/\/www.mmi-tools.com\/wp-content\/uploads\/2018\/08\/Hainbuch-Zeichnung-495x400.png 495w, https:\/\/www.mmi-tools.com\/wp-content\/uploads\/2018\/08\/Hainbuch-Zeichnung-845x684.png 845w\" sizes=\"auto, (max-width: 495px) 100vw, 495px\" \/><\/div><\/a><\/div><\/div><\/div>\n","protected":false},"excerpt":{"rendered":"","protected":false},"author":1,"featured_media":0,"parent":246,"menu_order":0,"comment_status":"closed","ping_status":"closed","template":"","meta":{"footnotes":""},"class_list":["post-142","page","type-page","status-publish","hentry"],"_links":{"self":[{"href":"https:\/\/www.mmi-tools.com\/index.php\/wp-json\/wp\/v2\/pages\/142","targetHints":{"allow":["GET"]}}],"collection":[{"href":"https:\/\/www.mmi-tools.com\/index.php\/wp-json\/wp\/v2\/pages"}],"about":[{"href":"https:\/\/www.mmi-tools.com\/index.php\/wp-json\/wp\/v2\/types\/page"}],"author":[{"embeddable":true,"href":"https:\/\/www.mmi-tools.com\/index.php\/wp-json\/wp\/v2\/users\/1"}],"replies":[{"embeddable":true,"href":"https:\/\/www.mmi-tools.com\/index.php\/wp-json\/wp\/v2\/comments?post=142"}],"version-history":[{"count":16,"href":"https:\/\/www.mmi-tools.com\/index.php\/wp-json\/wp\/v2\/pages\/142\/revisions"}],"predecessor-version":[{"id":691,"href":"https:\/\/www.mmi-tools.com\/index.php\/wp-json\/wp\/v2\/pages\/142\/revisions\/691"}],"up":[{"embeddable":true,"href":"https:\/\/www.mmi-tools.com\/index.php\/wp-json\/wp\/v2\/pages\/246"}],"wp:attachment":[{"href":"https:\/\/www.mmi-tools.com\/index.php\/wp-json\/wp\/v2\/media?parent=142"}],"curies":[{"name":"wp","href":"https:\/\/api.w.org\/{rel}","templated":true}]}}