{"id":144,"date":"2015-10-22T15:32:53","date_gmt":"2015-10-22T15:32:53","guid":{"rendered":"http:\/\/test.kriesi.at\/construction\/?page_id=144"},"modified":"2024-03-10T17:06:18","modified_gmt":"2024-03-10T17:06:18","slug":"big-projects","status":"publish","type":"page","link":"https:\/\/www.mmi-tools.com\/index.php\/service\/big-projects\/","title":{"rendered":"3. Werkzeugspannung"},"content":{"rendered":"<div  class='avia-slideshow av-395se0-208f4a70649526c8ef00f391631ea9c8 avia-slideshow-entry_with_sidebar av_slideshow avia-fade-slider  avia-builder-el-0  el_before_av_one_full  avia-builder-el-first  av-slideshow-ui av-control-hidden av-no-slider-navigation av-hide-nav-arrows av-slideshow-autoplay av-loop-endless av-loop-manual-endless av-default-height-applied avia-slideshow-1' data-slideshow-options=\"{&quot;animation&quot;:&quot;fade&quot;,&quot;autoplay&quot;:true,&quot;loop_autoplay&quot;:&quot;endless&quot;,&quot;interval&quot;:5,&quot;loop_manual&quot;:&quot;manual-endless&quot;,&quot;autoplay_stopper&quot;:false,&quot;noNavigation&quot;:true,&quot;bg_slider&quot;:false,&quot;keep_padding&quot;:false,&quot;hoverpause&quot;:false,&quot;show_slide_delay&quot;:0}\"  itemprop=\"image\" itemscope=\"itemscope\" itemtype=\"https:\/\/schema.org\/ImageObject\" ><ul class='avia-slideshow-inner ' style='padding-bottom: 37.988165680473%;'><li  class='avia-slideshow-slide av-395se0-208f4a70649526c8ef00f391631ea9c8__0  av-single-slide slide-1 slide-odd'><div data-rel='slideshow-1' class='avia-slide-wrap '   ><img decoding=\"async\" class=\"wp-image-341 avia-img-lazy-loading-not-341\"  src=\"https:\/\/www.mmi-tools.com\/wp-content\/uploads\/2018\/07\/securgrip_pg-763x918-e1531648887201-845x321.png\" width=\"845\" height=\"321\" title='securgrip_pg-763x918' alt=''  itemprop=\"thumbnailUrl\"   \/><\/div><\/li><\/ul><\/div>\n\n<style type=\"text\/css\" data-created_by=\"avia_inline_auto\" id=\"style-css-av-2i769c-c88d3fa0b5f54a58048614934225bf95\">\n#top .flex_column.av-2i769c-c88d3fa0b5f54a58048614934225bf95{\nmargin-top:0px;\nmargin-bottom:0px;\n}\n.flex_column.av-2i769c-c88d3fa0b5f54a58048614934225bf95{\n-webkit-border-radius:0px 0px 0px 0px;\n-moz-border-radius:0px 0px 0px 0px;\nborder-radius:0px 0px 0px 0px;\npadding:0px 0px 0px 0px;\n}\n.responsive #top #wrap_all .flex_column.av-2i769c-c88d3fa0b5f54a58048614934225bf95{\nmargin-top:0px;\nmargin-bottom:0px;\n}\n<\/style>\n<div class='flex_column av-2i769c-c88d3fa0b5f54a58048614934225bf95 av_one_full  avia-builder-el-1  el_after_av_slideshow  el_before_av_one_half  first flex_column_div av-animated-generic bottom-to-top av-zero-column-padding '     ><p>\n<style type=\"text\/css\" data-created_by=\"avia_inline_auto\" id=\"style-css-av-6lofs-4e7a7bb401cc98ce3080279821e862cf\">\n#top .av-special-heading.av-6lofs-4e7a7bb401cc98ce3080279821e862cf{\npadding-bottom:0;\n}\nbody .av-special-heading.av-6lofs-4e7a7bb401cc98ce3080279821e862cf .av-special-heading-tag .heading-char{\nfont-size:25px;\n}\n.av-special-heading.av-6lofs-4e7a7bb401cc98ce3080279821e862cf .av-subheading{\nfont-size:15px;\n}\n<\/style>\n<div  class='av-special-heading av-6lofs-4e7a7bb401cc98ce3080279821e862cf av-special-heading-h2 blockquote modern-quote  avia-builder-el-2  el_before_av_hr  avia-builder-el-first '><h2 class='av-special-heading-tag'  itemprop=\"headline\"  >Werkzeugspannung<\/h2><div class=\"special-heading-border\"><div class=\"special-heading-inner-border\"><\/div><\/div><\/div><br \/>\n\n<style type=\"text\/css\" data-created_by=\"avia_inline_auto\" id=\"style-css-av-2a0f5c-4d0719d40982154e37a475b0ca7abb9d\">\n#top .hr.av-2a0f5c-4d0719d40982154e37a475b0ca7abb9d{\nmargin-top:10px;\nmargin-bottom:10px;\n}\n.hr.av-2a0f5c-4d0719d40982154e37a475b0ca7abb9d .hr-inner{\nwidth:50px;\nborder-color:#f20028;\n}\n<\/style>\n<div  class='hr av-2a0f5c-4d0719d40982154e37a475b0ca7abb9d hr-custom  avia-builder-el-3  el_after_av_heading  avia-builder-el-last  hr-left hr-icon-no'><span class='hr-inner inner-border-av-border-fat'><span class=\"hr-inner-style\"><\/span><\/span><\/div><\/p><\/div>\n\n<style type=\"text\/css\" data-created_by=\"avia_inline_auto\" id=\"style-css-av-226py0-5cfde705ed88b575b176b21c2506ac8b\">\n#top .flex_column.av-226py0-5cfde705ed88b575b176b21c2506ac8b{\nmargin-top:0px;\nmargin-bottom:0px;\n}\n.flex_column.av-226py0-5cfde705ed88b575b176b21c2506ac8b{\n-webkit-border-radius:0px 0px 0px 0px;\n-moz-border-radius:0px 0px 0px 0px;\nborder-radius:0px 0px 0px 0px;\npadding:0px 0px 0px 0px;\n}\n.responsive #top #wrap_all .flex_column.av-226py0-5cfde705ed88b575b176b21c2506ac8b{\nmargin-top:0px;\nmargin-bottom:0px;\n}\n<\/style>\n<div class='flex_column av-226py0-5cfde705ed88b575b176b21c2506ac8b av_one_half  avia-builder-el-4  el_after_av_one_full  el_before_av_one_half  first flex_column_div av-animated-generic bottom-to-top av-zero-column-padding column-top-margin'     ><section  class='av_textblock_section av-1w4vco-5264bcaad852bf5e7cbda177d8367b8d'  itemscope=\"itemscope\" itemtype=\"https:\/\/schema.org\/CreativeWork\" ><div class='avia_textblock'  itemprop=\"text\" ><p>Pr\u00e4zisionswerkzeugspannsysteme von <strong>REGO-FIX<\/strong> bilden weltweit in vielen Zerspanungsbetrieben die Grundlage f\u00fcr kleinste Fertigungstoleranzen, beste Oberfl\u00e4chen und l\u00e4ngste Werkzeugstandzeiten.<\/p>\n<p>Die mit &#8222;Swiss made&#8220; ausgezeichneten Produkte werden ausschlie\u00dflich im schweizerischen Tenniken entwickelt und hergestellt.<\/p>\n<\/div><\/section><\/div>\n\n<style type=\"text\/css\" data-created_by=\"avia_inline_auto\" id=\"style-css-av-1rs0qw-5b0b86e26154faf82eac917516b19abd\">\n#top .flex_column.av-1rs0qw-5b0b86e26154faf82eac917516b19abd{\nmargin-top:0px;\nmargin-bottom:0px;\n}\n.flex_column.av-1rs0qw-5b0b86e26154faf82eac917516b19abd{\n-webkit-border-radius:0px 0px 0px 0px;\n-moz-border-radius:0px 0px 0px 0px;\nborder-radius:0px 0px 0px 0px;\npadding:0px 0px 0px 0px;\n}\n.responsive #top #wrap_all .flex_column.av-1rs0qw-5b0b86e26154faf82eac917516b19abd{\nmargin-top:0px;\nmargin-bottom:0px;\n}\n<\/style>\n<div class='flex_column av-1rs0qw-5b0b86e26154faf82eac917516b19abd av_one_half  avia-builder-el-6  el_after_av_one_half  el_before_av_one_half  flex_column_div av-animated-generic bottom-to-top av-zero-column-padding column-top-margin'     ><section  class='av_textblock_section av-1lrvvs-0c40574ef9e0e11e97349ae5f9aad554'  itemscope=\"itemscope\" itemtype=\"https:\/\/schema.org\/CreativeWork\" ><div class='avia_textblock'  itemprop=\"text\" ><p>St\u00e4ndige Innovation ist dabei einer der wichtigsten Faktoren f\u00fcr den Erfolg von REGO-FIX.<\/p>\n<p>Kontinuierlich wird daran gearbeitet Produkte und Dienstleistungen weiter zu verbessern.<\/p>\n<\/div><\/section><\/div>\n\n<style type=\"text\/css\" data-created_by=\"avia_inline_auto\" id=\"style-css-av-1d6cd4-f311936f0dd8a8d7f87e543433ae6323\">\n.flex_column.av-1d6cd4-f311936f0dd8a8d7f87e543433ae6323{\n-webkit-border-radius:0px 0px 0px 0px;\n-moz-border-radius:0px 0px 0px 0px;\nborder-radius:0px 0px 0px 0px;\npadding:0px 0px 0px 0px;\n}\n<\/style>\n<div class='flex_column av-1d6cd4-f311936f0dd8a8d7f87e543433ae6323 av_one_half  avia-builder-el-8  el_after_av_one_half  el_before_av_one_half  first flex_column_div av-animated-generic bottom-to-top av-zero-column-padding column-top-margin'     ><p>\n<style type=\"text\/css\" data-created_by=\"avia_inline_auto\" id=\"style-css-av-b8aw8-758dcb84d4340d2fafed1441f476ffdf\">\n#top .av-special-heading.av-b8aw8-758dcb84d4340d2fafed1441f476ffdf{\npadding-bottom:0;\n}\nbody .av-special-heading.av-b8aw8-758dcb84d4340d2fafed1441f476ffdf .av-special-heading-tag .heading-char{\nfont-size:25px;\n}\n.av-special-heading.av-b8aw8-758dcb84d4340d2fafed1441f476ffdf .av-subheading{\nfont-size:15px;\n}\n<\/style>\n<div  class='av-special-heading av-b8aw8-758dcb84d4340d2fafed1441f476ffdf av-special-heading-h3 blockquote modern-quote  avia-builder-el-9  el_before_av_hr  avia-builder-el-first '><h3 class='av-special-heading-tag'  itemprop=\"headline\"  >powRgrip Spannsystem<\/h3><div class=\"special-heading-border\"><div class=\"special-heading-inner-border\"><\/div><\/div><\/div><br \/>\n\n<style type=\"text\/css\" data-created_by=\"avia_inline_auto\" id=\"style-css-av-3xcug-00506714f39173c90cc8ccd346e3aa9e\">\n#top .hr.av-3xcug-00506714f39173c90cc8ccd346e3aa9e{\nmargin-top:10px;\nmargin-bottom:10px;\n}\n.hr.av-3xcug-00506714f39173c90cc8ccd346e3aa9e .hr-inner{\nwidth:50px;\nborder-color:#f20025;\n}\n<\/style>\n<div  class='hr av-3xcug-00506714f39173c90cc8ccd346e3aa9e hr-custom  avia-builder-el-10  el_after_av_heading  el_before_av_textblock  hr-left hr-icon-no'><span class='hr-inner inner-border-av-border-fat'><span class=\"hr-inner-style\"><\/span><\/span><\/div><br \/>\n<section  class='av_textblock_section av-vl07k-523418c2d89ff440356de688e4826a6e'  itemscope=\"itemscope\" itemtype=\"https:\/\/schema.org\/CreativeWork\" ><div class='avia_textblock'  itemprop=\"text\" ><p>Die automatische Spanneinheit PGU 9500 des Systems powRgrip erhielt 2015 den Red Dot Award f\u00fcr ihre gute Bedienbarkeit und ihr herrausragendes Design.<\/p>\n<\/div><\/section><br \/>\n<div  class='avia-button-wrap av-jkcv5u11-79d89cc2c79efa9a0149af488b1d3960-wrap avia-button-center  avia-builder-el-12  el_after_av_textblock  avia-builder-el-last '><a href='https:\/\/ch.rego-fix.com\/de' class='avia-button av-jkcv5u11-79d89cc2c79efa9a0149af488b1d3960 avia-icon_select-no avia-size-small avia-position-center avia-color-theme-color' target=\"_blank\" rel=\"noopener noreferrer\"><span class='avia_iconbox_title' >REGO-FIX<\/span><\/a><\/div><\/p><\/div>\n\n<style type=\"text\/css\" data-created_by=\"avia_inline_auto\" id=\"style-css-av-pr1kg-19fff0392928a7c9df4c097ca82df42d\">\n.flex_column.av-pr1kg-19fff0392928a7c9df4c097ca82df42d{\n-webkit-border-radius:0px 0px 0px 0px;\n-moz-border-radius:0px 0px 0px 0px;\nborder-radius:0px 0px 0px 0px;\npadding:0px 0px 0px 0px;\n}\n<\/style>\n<div class='flex_column av-pr1kg-19fff0392928a7c9df4c097ca82df42d av_one_half  avia-builder-el-13  el_after_av_one_half  el_before_av_one_full  flex_column_div av-animated-generic bottom-to-top av-zero-column-padding column-top-margin'     ><div  class='avia-video av-jk7vfhmq-24983c62f306b25f0f9a009612c635c7 avia-video-16-9 av-no-preview-image avia-video-load-always av-lazyload-immediate av-lazyload-video-embed'  itemprop=\"video\" itemtype=\"https:\/\/schema.org\/VideoObject\"  data-original_url='https:\/\/www.youtube.com\/watch?v=lBTjgMGnDBk'><script type='text\/html' class='av-video-tmpl'><div class='avia-iframe-wrap'><iframe loading=\"lazy\" title=\"powRgrip - How it works\" width=\"1500\" height=\"844\" src=\"https:\/\/www.youtube.com\/embed\/lBTjgMGnDBk?feature=oembed&autoplay=0&loop=0&controls=1&mute=0\" frameborder=\"0\" allow=\"accelerometer; autoplay; clipboard-write; encrypted-media; gyroscope; picture-in-picture; web-share\" allowfullscreen><\/iframe><\/div><\/script><div class='av-click-to-play-overlay'><div class=\"avia_playpause_icon\"><\/div><\/div><\/div><\/div>\n<style type=\"text\/css\" data-created_by=\"avia_inline_auto\" id=\"style-css-av-erpbc-7f8ac0b18875314c02a2fa6c3ece72c7\">\n.flex_column.av-erpbc-7f8ac0b18875314c02a2fa6c3ece72c7{\nborder-width:1px;\nborder-color:#e1e1e1;\nborder-style:solid;\n-webkit-border-radius:0px 0px 0px 0px;\n-moz-border-radius:0px 0px 0px 0px;\nborder-radius:0px 0px 0px 0px;\npadding:20px 20px 20px 20px;\nbackground-color:#fcfcfc;\n}\n<\/style>\n<div class='flex_column av-erpbc-7f8ac0b18875314c02a2fa6c3ece72c7 av_one_full  avia-builder-el-15  el_after_av_one_half  avia-builder-el-last  first flex_column_div av-animated-generic bottom-to-top column-top-margin'     ><section  class='av_textblock_section av-6nudc-8e41b4265b23b1059d297f71136e522a'  itemscope=\"itemscope\" itemtype=\"https:\/\/schema.org\/CreativeWork\" ><div class='avia_textblock'  itemprop=\"text\" ><h4 style=\"text-align: center;\">Beherrschen Sie Ihr Werkzeug<\/h4>\n<p>Entdecken Sie die Vorteile von powRgrip in Ihrer Fertigung. Melden Sie sich jetzt an f\u00fcr ein exklusives powRgrip-Test &amp; Trial!<\/p>\n<div  class='avia-button-wrap av-90rgw-8752ec9e54aae568ac8c2d89a70ff90c-wrap avia-button-center  avia-builder-el-17  avia-builder-el-no-sibling '><a href='https:\/\/www.mmi-tools.com\/index.php\/contact\/'  class='avia-button av-90rgw-8752ec9e54aae568ac8c2d89a70ff90c avia-icon_select-no avia-size-small avia-position-center avia-color-theme-color'  ><span class='avia_iconbox_title' >Kontakt<\/span><\/a><\/div>\n<\/div><\/section><\/div><\/p>\n","protected":false},"excerpt":{"rendered":"","protected":false},"author":1,"featured_media":0,"parent":246,"menu_order":0,"comment_status":"closed","ping_status":"closed","template":"","meta":{"footnotes":""},"class_list":["post-144","page","type-page","status-publish","hentry"],"_links":{"self":[{"href":"https:\/\/www.mmi-tools.com\/index.php\/wp-json\/wp\/v2\/pages\/144","targetHints":{"allow":["GET"]}}],"collection":[{"href":"https:\/\/www.mmi-tools.com\/index.php\/wp-json\/wp\/v2\/pages"}],"about":[{"href":"https:\/\/www.mmi-tools.com\/index.php\/wp-json\/wp\/v2\/types\/page"}],"author":[{"embeddable":true,"href":"https:\/\/www.mmi-tools.com\/index.php\/wp-json\/wp\/v2\/users\/1"}],"replies":[{"embeddable":true,"href":"https:\/\/www.mmi-tools.com\/index.php\/wp-json\/wp\/v2\/comments?post=144"}],"version-history":[{"count":20,"href":"https:\/\/www.mmi-tools.com\/index.php\/wp-json\/wp\/v2\/pages\/144\/revisions"}],"predecessor-version":[{"id":1771,"href":"https:\/\/www.mmi-tools.com\/index.php\/wp-json\/wp\/v2\/pages\/144\/revisions\/1771"}],"up":[{"embeddable":true,"href":"https:\/\/www.mmi-tools.com\/index.php\/wp-json\/wp\/v2\/pages\/246"}],"wp:attachment":[{"href":"https:\/\/www.mmi-tools.com\/index.php\/wp-json\/wp\/v2\/media?parent=144"}],"curies":[{"name":"wp","href":"https:\/\/api.w.org\/{rel}","templated":true}]}}