{"id":243,"date":"2015-10-15T13:48:39","date_gmt":"2015-10-15T13:48:39","guid":{"rendered":"http:\/\/wpoffice\/construction\/?page_id=2"},"modified":"2018-11-08T10:13:27","modified_gmt":"2018-11-08T10:13:27","slug":"projects","status":"publish","type":"page","link":"https:\/\/www.mmi-tools.com\/index.php\/projects\/","title":{"rendered":"AKTIONEN \/ ANGEBOTE"},"content":{"rendered":"\n<style type=\"text\/css\" data-created_by=\"avia_inline_auto\" id=\"style-css-av-8zoyr-062cd791177f8cef61b4cd8f5f617f21\">\n.flex_column.av-8zoyr-062cd791177f8cef61b4cd8f5f617f21{\n-webkit-border-radius:0px 0px 0px 0px;\n-moz-border-radius:0px 0px 0px 0px;\nborder-radius:0px 0px 0px 0px;\npadding:0px 0px 0px 0px;\n}\n<\/style>\n<div class='flex_column av-8zoyr-062cd791177f8cef61b4cd8f5f617f21 av_one_full  avia-builder-el-0  el_before_av_hr  avia-builder-el-first  first flex_column_div av-zero-column-padding '     ><style type=\"text\/css\" data-created_by=\"avia_inline_auto\" id=\"style-css-av-jo8dc0va-120f3be40bd6c450b73ccb817d212f02\">\n#top .av-special-heading.av-jo8dc0va-120f3be40bd6c450b73ccb817d212f02{\npadding-bottom:10px;\n}\nbody .av-special-heading.av-jo8dc0va-120f3be40bd6c450b73ccb817d212f02 .av-special-heading-tag .heading-char{\nfont-size:25px;\n}\n.av-special-heading.av-jo8dc0va-120f3be40bd6c450b73ccb817d212f02 .av-subheading{\nfont-size:15px;\n}\n<\/style>\n<div  class='av-special-heading av-jo8dc0va-120f3be40bd6c450b73ccb817d212f02 av-special-heading-h2 blockquote modern-quote modern-centered  avia-builder-el-1  avia-builder-el-no-sibling '><h2 class='av-special-heading-tag'  itemprop=\"headline\"  >AKTIONEN und besondere ANGEBOTE<\/h2><div class=\"special-heading-border\"><div class=\"special-heading-inner-border\"><\/div><\/div><\/div><\/div>\n\n<style type=\"text\/css\" data-created_by=\"avia_inline_auto\" id=\"style-css-av-jjwoshze-4348e7207fbba0c7faf823f4af756383\">\n#top .hr.av-jjwoshze-4348e7207fbba0c7faf823f4af756383{\nmargin-top:5px;\nmargin-bottom:35px;\n}\n.hr.av-jjwoshze-4348e7207fbba0c7faf823f4af756383 .hr-inner{\nwidth:50px;\nborder-color:#f20028;\n}\n<\/style>\n<div  class='hr av-jjwoshze-4348e7207fbba0c7faf823f4af756383 hr-custom  avia-builder-el-2  el_after_av_one_full  el_before_av_one_full  hr-center hr-icon-no'><span class='hr-inner inner-border-av-border-fat'><span class=\"hr-inner-style\"><\/span><\/span><\/div>\n\n<style type=\"text\/css\" data-created_by=\"avia_inline_auto\" id=\"style-css-av-jk1d2u14-63cc856ebd2fddcf919180a5bcfa27d6\">\n.flex_column.av-jk1d2u14-63cc856ebd2fddcf919180a5bcfa27d6{\n-webkit-border-radius:0px 0px 0px 0px;\n-moz-border-radius:0px 0px 0px 0px;\nborder-radius:0px 0px 0px 0px;\npadding:0px 0px 0px 0px;\n}\n<\/style>\n<div class='flex_column av-jk1d2u14-63cc856ebd2fddcf919180a5bcfa27d6 av_one_full  avia-builder-el-3  el_after_av_hr  avia-builder-el-last  first flex_column_div av-zero-column-padding '     ><p><section  class='av_textblock_section av-jo8e4yjz-b4bd5f15e985d8c4a09f9e8122cab646'  itemscope=\"itemscope\" itemtype=\"https:\/\/schema.org\/CreativeWork\" ><div class='avia_textblock'  itemprop=\"text\" ><p>An dieser Stelle k\u00f6nnen Sie eventuell viel Geld sparen. N\u00e4mlich genau dann, wenn Sie unter unseren besonderen Angeboten oder Aktionen genau das finden, was Sie gerade ben\u00f6tigen.<\/p>\n<p>Also &#8230; regelm\u00e4\u00dfig hier reinschauen k\u00f6nnte sich lohnen!<\/p>\n<\/div><\/section><br \/>\n\n<style type=\"text\/css\" data-created_by=\"avia_inline_auto\" id=\"style-css-av-jjwoshze-4348e7207fbba0c7faf823f4af756383\">\n#top .hr.av-jjwoshze-4348e7207fbba0c7faf823f4af756383{\nmargin-top:5px;\nmargin-bottom:35px;\n}\n.hr.av-jjwoshze-4348e7207fbba0c7faf823f4af756383 .hr-inner{\nwidth:50px;\nborder-color:#f20028;\n}\n<\/style>\n<div  class='hr av-jjwoshze-4348e7207fbba0c7faf823f4af756383 hr-custom  avia-builder-el-5  el_after_av_textblock  el_before_av_portfolio  avia-builder-el-last  hr-center hr-icon-no'><span class='hr-inner inner-border-av-border-fat'><span class=\"hr-inner-style\"><\/span><\/span><\/div><br \/>\n<\/p><\/div>\n","protected":false},"excerpt":{"rendered":"","protected":false},"author":1,"featured_media":0,"parent":0,"menu_order":0,"comment_status":"closed","ping_status":"closed","template":"","meta":{"footnotes":""},"class_list":["post-243","page","type-page","status-publish","hentry"],"_links":{"self":[{"href":"https:\/\/www.mmi-tools.com\/index.php\/wp-json\/wp\/v2\/pages\/243","targetHints":{"allow":["GET"]}}],"collection":[{"href":"https:\/\/www.mmi-tools.com\/index.php\/wp-json\/wp\/v2\/pages"}],"about":[{"href":"https:\/\/www.mmi-tools.com\/index.php\/wp-json\/wp\/v2\/types\/page"}],"author":[{"embeddable":true,"href":"https:\/\/www.mmi-tools.com\/index.php\/wp-json\/wp\/v2\/users\/1"}],"replies":[{"embeddable":true,"href":"https:\/\/www.mmi-tools.com\/index.php\/wp-json\/wp\/v2\/comments?post=243"}],"version-history":[{"count":51,"href":"https:\/\/www.mmi-tools.com\/index.php\/wp-json\/wp\/v2\/pages\/243\/revisions"}],"predecessor-version":[{"id":1377,"href":"https:\/\/www.mmi-tools.com\/index.php\/wp-json\/wp\/v2\/pages\/243\/revisions\/1377"}],"wp:attachment":[{"href":"https:\/\/www.mmi-tools.com\/index.php\/wp-json\/wp\/v2\/media?parent=243"}],"curies":[{"name":"wp","href":"https:\/\/api.w.org\/{rel}","templated":true}]}}